{"id":123,"date":"2023-05-05T14:34:07","date_gmt":"2023-05-05T14:34:07","guid":{"rendered":"https:\/\/igrejaemlisboa.org\/?page_id=123"},"modified":"2026-01-22T14:21:58","modified_gmt":"2026-01-22T14:21:58","slug":"quem-somos","status":"publish","type":"page","link":"https:\/\/igrejaemlisboa.org\/index.php\/quem-somos\/","title":{"rendered":"Quem Somos"},"content":{"rendered":"\t\t<div data-elementor-type=\"wp-page\" data-elementor-id=\"123\" class=\"elementor elementor-123\" data-elementor-post-type=\"page\">\n\t\t\t\t<div class=\"elementor-element elementor-element-1c1a19c e-con-full e-flex e-con e-parent\" data-id=\"1c1a19c\" data-element_type=\"container\" data-e-type=\"container\">\n\t\t\t\t<div class=\"elementor-element elementor-element-5156c64 elementor-widget elementor-widget-heading\" data-id=\"5156c64\" data-element_type=\"widget\" data-e-type=\"widget\" data-widget_type=\"heading.default\">\n\t\t\t\t<div class=\"elementor-widget-container\">\n\t\t\t\t\t<h2 class=\"elementor-heading-title elementor-size-default\">Quem Somos<\/h2>\t\t\t\t<\/div>\n\t\t\t\t<\/div>\n\t\t\t\t<\/div>\n\t\t<div class=\"elementor-element elementor-element-ac85f68 e-flex e-con-boxed e-con e-parent\" data-id=\"ac85f68\" data-element_type=\"container\" data-e-type=\"container\">\n\t\t\t\t\t<div class=\"e-con-inner\">\n\t\t\t\t<div class=\"elementor-element elementor-element-5b410d8 elementor-widget elementor-widget-heading\" data-id=\"5b410d8\" data-element_type=\"widget\" data-e-type=\"widget\" data-widget_type=\"heading.default\">\n\t\t\t\t<div class=\"elementor-widget-container\">\n\t\t\t\t\t<h3 class=\"elementor-heading-title elementor-size-medium\">Bem-vindo<\/h3>\t\t\t\t<\/div>\n\t\t\t\t<\/div>\n\t\t\t\t<div class=\"elementor-element elementor-element-ef7a4e1 elementor-widget elementor-widget-text-editor\" data-id=\"ef7a4e1\" data-element_type=\"widget\" data-e-type=\"widget\" data-widget_type=\"text-editor.default\">\n\t\t\t\t<div class=\"elementor-widget-container\">\n\t\t\t\t\t\t\t\t\t<p class=\"p3\">Seja bem-vindo \u00e0 igreja em Lisboa. Somos crentes no Senhor Jesus Cristo que O receberam pessoalmente como nosso Salvador. Ele \u00e9 a pessoa mais excelente e agrad\u00e1vel. Amamo-Lo e esfor\u00e7amos-nos por dar-Lhe o primeiro lugar em todas as coisas. Regozijamo-nos por termos sido purificados pelo sangue de Jesus, Filho de Deus, termos nascido de novo da vida divina do Pai e estamos cheios do Esp\u00edrito Santo.<\/p><p class=\"p3\">Valorizamos muito a B\u00edblia Sagrada que \u00e9 a revela\u00e7\u00e3o que o pr\u00f3prio Deus faz de Si mesmo e do Seu prop\u00f3sito eterno. Temos a f\u00e9 comum que \u00e9 revelada na B\u00edblia e \u00e9 comum a todos os crentes genu\u00ednos.<\/p><p class=\"p3\">Tal como todos os crentes em Cristo, somos membros de Seu \u00fanico Corpo, a igreja. Para praticar a unidade do Corpo com todos os crist\u00e3os em Lisboa, reunimo-nos como a igreja em Lisboa. Temos comunh\u00e3o com mais de 2.000 igrejas locais em todo o mundo para expressar o \u00fanico Corpo de Cristo.<\/p>\t\t\t\t\t\t\t\t<\/div>\n\t\t\t\t<\/div>\n\t\t\t\t<div class=\"elementor-element elementor-element-d9b0f21 elementor-widget elementor-widget-heading\" data-id=\"d9b0f21\" data-element_type=\"widget\" data-e-type=\"widget\" data-widget_type=\"heading.default\">\n\t\t\t\t<div class=\"elementor-widget-container\">\n\t\t\t\t\t<h3 class=\"elementor-heading-title elementor-size-medium\">Quem somos<\/h3>\t\t\t\t<\/div>\n\t\t\t\t<\/div>\n\t\t\t\t<div class=\"elementor-element elementor-element-e951212 elementor-widget elementor-widget-text-editor\" data-id=\"e951212\" data-element_type=\"widget\" data-e-type=\"widget\" data-widget_type=\"text-editor.default\">\n\t\t\t\t<div class=\"elementor-widget-container\">\n\t\t\t\t\t\t\t\t\t<p class=\"p3\"><em style=\"color: var( --e-global-color-text ); font-family: var( --e-global-typography-text-font-family ), Source; font-weight: var( --e-global-typography-text-font-weight ); font-size: 1rem;\">A igreja em Lisboa<\/em><span style=\"color: var( --e-global-color-text ); font-family: var( --e-global-typography-text-font-family ), Source; font-weight: var( --e-global-typography-text-font-weight ); font-size: 1rem;\"> n\u00e3o \u00e9 o nosso nome, \u00e9 a nossa descri\u00e7\u00e3o. Como tal<\/span><span class=\"s1\" style=\"color: var( --e-global-color-text ); font-family: var( --e-global-typography-text-font-family ), Source; font-weight: var( --e-global-typography-text-font-weight ); font-size: 1rem;\">, <\/span><span style=\"color: var( --e-global-color-text ); font-family: var( --e-global-typography-text-font-family ), Source; font-weight: var( --e-global-typography-text-font-weight ); font-size: 1rem;\">\u00e9 uma descri\u00e7\u00e1o inclusiva, n\u00e3o exclusiva. Reunimos-nos simplesmente como crentes do Senhor nesta cidade, e recebemos como nossos irm\u00e3os e irm\u00e3s todos os que creem em Jesus Cristo. Da mesma forma, recebemos calorosamente os que nos visitarem mesmo que n\u00e3o sejam\u00a0 crist\u00e3os.<\/span><\/p>\t\t\t\t\t\t\t\t<\/div>\n\t\t\t\t<\/div>\n\t\t\t\t\t<\/div>\n\t\t\t\t<\/div>\n\t\t\t\t<\/div>\n\t\t","protected":false},"excerpt":{"rendered":"<p>Quem Somos Bem-vindo Seja bem-vindo \u00e0 igreja em Lisboa. Somos crentes no Senhor Jesus Cristo que O receberam pessoalmente como nosso Salvador. Ele \u00e9 a pessoa mais excelente e agrad\u00e1vel. Amamo-Lo e esfor\u00e7amos-nos por dar-Lhe o primeiro lugar em todas as coisas. Regozijamo-nos por termos sido purificados pelo sangue de Jesus, Filho de Deus, termos [&hellip;]<\/p>\n","protected":false},"author":4,"featured_media":0,"parent":0,"menu_order":0,"comment_status":"closed","ping_status":"closed","template":"","meta":{"footnotes":""},"class_list":["post-123","page","type-page","status-publish","hentry"],"_links":{"self":[{"href":"https:\/\/igrejaemlisboa.org\/index.php\/wp-json\/wp\/v2\/pages\/123","targetHints":{"allow":["GET"]}}],"collection":[{"href":"https:\/\/igrejaemlisboa.org\/index.php\/wp-json\/wp\/v2\/pages"}],"about":[{"href":"https:\/\/igrejaemlisboa.org\/index.php\/wp-json\/wp\/v2\/types\/page"}],"author":[{"embeddable":true,"href":"https:\/\/igrejaemlisboa.org\/index.php\/wp-json\/wp\/v2\/users\/4"}],"replies":[{"embeddable":true,"href":"https:\/\/igrejaemlisboa.org\/index.php\/wp-json\/wp\/v2\/comments?post=123"}],"version-history":[{"count":58,"href":"https:\/\/igrejaemlisboa.org\/index.php\/wp-json\/wp\/v2\/pages\/123\/revisions"}],"predecessor-version":[{"id":2960,"href":"https:\/\/igrejaemlisboa.org\/index.php\/wp-json\/wp\/v2\/pages\/123\/revisions\/2960"}],"wp:attachment":[{"href":"https:\/\/igrejaemlisboa.org\/index.php\/wp-json\/wp\/v2\/media?parent=123"}],"curies":[{"name":"wp","href":"https:\/\/api.w.org\/{rel}","templated":true}]}}