{"id":299,"date":"2023-05-10T11:42:17","date_gmt":"2023-05-10T11:42:17","guid":{"rendered":"https:\/\/igrejaemlisboa.org\/?page_id=299"},"modified":"2026-05-05T15:21:46","modified_gmt":"2026-05-05T15:21:46","slug":"oracao","status":"publish","type":"page","link":"https:\/\/igrejaemlisboa.org\/index.php\/protected-content-3\/oracao\/","title":{"rendered":"Ora\u00e7\u00e3o"},"content":{"rendered":"\t\t<div data-elementor-type=\"wp-page\" data-elementor-id=\"299\" class=\"elementor elementor-299\" data-elementor-post-type=\"page\">\n\t\t\t\t<div class=\"elementor-element elementor-element-908e443 e-flex e-con-boxed e-con e-parent\" data-id=\"908e443\" data-element_type=\"container\" data-e-type=\"container\">\n\t\t\t\t\t<div class=\"e-con-inner\">\n\t\t\t\t<div class=\"elementor-element elementor-element-f813837 elementor-widget elementor-widget-text-editor\" data-id=\"f813837\" data-element_type=\"widget\" data-e-type=\"widget\" data-widget_type=\"text-editor.default\">\n\t\t\t\t<div class=\"elementor-widget-container\">\n\t\t\t\t\t\t\t\t\t<p><strong>Witness Lee<\/strong><\/p>\t\t\t\t\t\t\t\t<\/div>\n\t\t\t\t<\/div>\n\t\t\t\t<div class=\"elementor-element elementor-element-bccf06b elementor-blockquote--skin-quotation elementor-blockquote--align-center elementor-widget elementor-widget-blockquote\" data-id=\"bccf06b\" data-element_type=\"widget\" data-e-type=\"widget\" data-widget_type=\"blockquote.default\">\n\t\t\t\t<div class=\"elementor-widget-container\">\n\t\t\t\t\t\t\t<blockquote class=\"elementor-blockquote\">\n\t\t\t<p class=\"elementor-blockquote__content\">\n\t\t\t\t\u201cQuanto perseverar em ora\u00e7\u00e3o, mais uma vez quero dizer que precisamos estar dispostos a fazer um acordo com o Senhor, at\u00e9 mesmo um voto a Ele, de ser um povo que ora. Se todos os santos em todas as igrejas fizerem tal acordo com o Senhor, a restaura\u00e7\u00e3o ser\u00e1 grandemente enriquecida e elevada. Al\u00e9m disso, os santos desfrutar\u00e3o o Senhor, a Sua presen\u00e7a e a Sua un\u00e7\u00e3o constantemente e em cada instante. O dia inteiro eles desfrutar\u00e3o o sorriso do Senhor. Quando perseveramos em ora\u00e7\u00e3o, a Pessoa viva de Cristo se torna nossa experi\u00eancia e desfrute.\u201d Witness Lee, \t\t\t<\/p>\n\t\t\t\t\t\t\t<div class=\"e-q-footer\">\n\t\t\t\t\t\t\t\t\t\t\t<cite class=\"elementor-blockquote__author\">Estudo-vida de Colossenses, p. 571<\/cite>\n\t\t\t\t\t\t\t\t\t\t\t\t\t\t<\/div>\n\t\t\t\t\t<\/blockquote>\n\t\t\t\t\t\t<\/div>\n\t\t\t\t<\/div>\n\t\t\t\t<div class=\"elementor-element elementor-element-e379edf elementor-align-center elementor-widget elementor-widget-button\" data-id=\"e379edf\" data-element_type=\"widget\" data-e-type=\"widget\" data-widget_type=\"button.default\">\n\t\t\t\t<div class=\"elementor-widget-container\">\n\t\t\t\t\t\t\t\t\t<div class=\"elementor-button-wrapper\">\n\t\t\t\t\t<a class=\"elementor-button elementor-button-link elementor-size-sm elementor-animation-grow\" href=\"https:\/\/igrejaemlisboa.org\/wp-content\/uploads\/2026\/05\/ENCARGOS-DE-ORACAO-SEMANA-DE-03-DE-MAIO-DE-2026-PT-e-ENG.pdf\">\n\t\t\t\t\t\t<span class=\"elementor-button-content-wrapper\">\n\t\t\t\t\t\t\t\t\t<span class=\"elementor-button-text\">Encargos de ora\u00e7\u00e3o semanal<\/span>\n\t\t\t\t\t<\/span>\n\t\t\t\t\t<\/a>\n\t\t\t\t<\/div>\n\t\t\t\t\t\t\t\t<\/div>\n\t\t\t\t<\/div>\n\t\t\t\t<div class=\"elementor-element elementor-element-f2e95c1 elementor-align-center elementor-widget elementor-widget-button\" data-id=\"f2e95c1\" data-element_type=\"widget\" data-e-type=\"widget\" data-widget_type=\"button.default\">\n\t\t\t\t<div class=\"elementor-widget-container\">\n\t\t\t\t\t\t\t\t\t<div class=\"elementor-button-wrapper\">\n\t\t\t\t\t<a class=\"elementor-button elementor-button-link elementor-size-sm elementor-animation-grow\" href=\"https:\/\/igrejaemlisboa.org\/wp-content\/uploads\/2024\/12\/9_target_cities_in_Europe-15-december-2024.pdf\">\n\t\t\t\t\t\t<span class=\"elementor-button-content-wrapper\">\n\t\t\t\t\t\t\t\t\t<span class=\"elementor-button-text\">Encargo pelas nove cidades europeias<\/span>\n\t\t\t\t\t<\/span>\n\t\t\t\t\t<\/a>\n\t\t\t\t<\/div>\n\t\t\t\t\t\t\t\t<\/div>\n\t\t\t\t<\/div>\n\t\t\t\t<div class=\"elementor-element elementor-element-6a2770a elementor-align-center elementor-widget elementor-widget-button\" data-id=\"6a2770a\" data-element_type=\"widget\" data-e-type=\"widget\" data-widget_type=\"button.default\">\n\t\t\t\t<div class=\"elementor-widget-container\">\n\t\t\t\t\t\t\t\t\t<div class=\"elementor-button-wrapper\">\n\t\t\t\t\t<a class=\"elementor-button elementor-button-link elementor-size-sm elementor-animation-grow\" href=\"https:\/\/igrejaemlisboa.org\/wp-content\/uploads\/2025\/07\/Italy-Olympics-Germany-gospel-trips-Attachment_to_7-6-2025.pdf\">\n\t\t\t\t\t\t<span class=\"elementor-button-content-wrapper\">\n\t\t\t\t\t\t\t\t\t<span class=\"elementor-button-text\">Viagens do evangelho \u00e0 It\u00e1lia e \u00e0 Alemanha<\/span>\n\t\t\t\t\t<\/span>\n\t\t\t\t\t<\/a>\n\t\t\t\t<\/div>\n\t\t\t\t\t\t\t\t<\/div>\n\t\t\t\t<\/div>\n\t\t\t\t\t<\/div>\n\t\t\t\t<\/div>\n\t\t\t\t<\/div>\n\t\t","protected":false},"excerpt":{"rendered":"<p>Witness Lee \u201cQuanto perseverar em ora\u00e7\u00e3o, mais uma vez quero dizer que precisamos estar dispostos a fazer um acordo com o Senhor, at\u00e9 mesmo um voto a Ele, de ser um povo que ora. Se todos os santos em todas as igrejas fizerem tal acordo com o Senhor, a restaura\u00e7\u00e3o ser\u00e1 grandemente enriquecida e elevada. [&hellip;]<\/p>\n","protected":false},"author":4,"featured_media":0,"parent":2551,"menu_order":0,"comment_status":"closed","ping_status":"closed","template":"","meta":{"footnotes":""},"class_list":["post-299","page","type-page","status-publish","hentry"],"_links":{"self":[{"href":"https:\/\/igrejaemlisboa.org\/index.php\/wp-json\/wp\/v2\/pages\/299","targetHints":{"allow":["GET"]}}],"collection":[{"href":"https:\/\/igrejaemlisboa.org\/index.php\/wp-json\/wp\/v2\/pages"}],"about":[{"href":"https:\/\/igrejaemlisboa.org\/index.php\/wp-json\/wp\/v2\/types\/page"}],"author":[{"embeddable":true,"href":"https:\/\/igrejaemlisboa.org\/index.php\/wp-json\/wp\/v2\/users\/4"}],"replies":[{"embeddable":true,"href":"https:\/\/igrejaemlisboa.org\/index.php\/wp-json\/wp\/v2\/comments?post=299"}],"version-history":[{"count":532,"href":"https:\/\/igrejaemlisboa.org\/index.php\/wp-json\/wp\/v2\/pages\/299\/revisions"}],"predecessor-version":[{"id":3372,"href":"https:\/\/igrejaemlisboa.org\/index.php\/wp-json\/wp\/v2\/pages\/299\/revisions\/3372"}],"up":[{"embeddable":true,"href":"https:\/\/igrejaemlisboa.org\/index.php\/wp-json\/wp\/v2\/pages\/2551"}],"wp:attachment":[{"href":"https:\/\/igrejaemlisboa.org\/index.php\/wp-json\/wp\/v2\/media?parent=299"}],"curies":[{"name":"wp","href":"https:\/\/api.w.org\/{rel}","templated":true}]}}